{"id":806,"date":"2022-09-01T13:47:09","date_gmt":"2022-09-01T11:47:09","guid":{"rendered":"https:\/\/macaronheaven.hu\/?page_id=806"},"modified":"2022-11-21T15:08:36","modified_gmt":"2022-11-21T14:08:36","slug":"home","status":"publish","type":"page","link":"https:\/\/macaronheaven.hu\/en\/","title":{"rendered":"Home"},"content":{"rendered":"\t\t<div data-elementor-type=\"wp-page\" data-elementor-id=\"806\" class=\"elementor elementor-806 elementor-2\" data-elementor-post-type=\"page\">\n\t\t\t\t\t\t<section class=\"elementor-section elementor-top-section elementor-element elementor-element-a4fe1aa elementor-section-height-min-height elementor-section-items-top elementor-section-boxed elementor-section-height-default\" data-id=\"a4fe1aa\" data-element_type=\"section\" data-settings=\"{&quot;background_background&quot;:&quot;classic&quot;}\">\n\t\t\t\t\t\t<div class=\"elementor-container elementor-column-gap-default\">\n\t\t\t\t\t<div class=\"elementor-column elementor-col-100 elementor-top-column elementor-element elementor-element-b1cc1b6\" data-id=\"b1cc1b6\" data-element_type=\"column\">\n\t\t\t<div class=\"elementor-widget-wrap elementor-element-populated\">\n\t\t\t\t\t\t<div class=\"elementor-element elementor-element-b132afa elementor-widget__width-initial elementor-widget elementor-widget-heading\" data-id=\"b132afa\" data-element_type=\"widget\" data-widget_type=\"heading.default\">\n\t\t\t\t<div class=\"elementor-widget-container\">\n\t\t\t\t\t<h1 class=\"elementor-heading-title elementor-size-default\">Sweet journey into the world of macaron desserts<\/h1>\t\t\t\t<\/div>\n\t\t\t\t<\/div>\n\t\t\t\t<div class=\"elementor-element elementor-element-432ae45 elementor-widget__width-initial elementor-widget elementor-widget-text-editor\" data-id=\"432ae45\" data-element_type=\"widget\" data-widget_type=\"text-editor.default\">\n\t\t\t\t<div class=\"elementor-widget-container\">\n\t\t\t\t\t\t\t\t\t<p class=\"western\" align=\"JUSTIFY\"><span style=\"font-size: medium;\">K\u00fcldet\u00e9s\u00fcnk a macaron min\u00e9l kreat\u00edvabb \u00e9s sz\u00ednesebb megalkot\u00e1sa!<\/span><\/p><p class=\"western\" align=\"JUSTIFY\">Haz\u00e1nkban egyed\u00fcl\u00e1ll\u00f3 m\u00f3don a Macaron Heaven \u00fczleteiben tal\u00e1lkozhattok forma macaronokkal, macaron alap\u00fa desszertekkel. A macaron egyedi felhaszn\u00e1l\u00e1si m\u00f3dja r\u00e9v\u00e9n t\u00f6reksz\u00fcnk arra, hogy ez a francia desszert kit\u00f6rj\u00f6n a megszokott, m\u00e1s cukr\u00e1szd\u00e1kban megtal\u00e1lhat\u00f3, sablonos form\u00e1b\u00f3l. N\u00e9zz sz\u00e9t oldalunkon \u00e9s l\u00e1togass el \u00fczletink valamelyik\u00e9be, hogy vend\u00e9g\u00fcl l\u00e1thassunk \u00e9s bevezess\u00fcnk a macaronok \u00faj vil\u00e1g\u00e1ba.<\/p>\t\t\t\t\t\t\t\t<\/div>\n\t\t\t\t<\/div>\n\t\t\t\t<div class=\"elementor-element elementor-element-fce6a96 elementor-icon-list--layout-inline elementor-list-item-link-inline elementor-widget elementor-widget-icon-list\" data-id=\"fce6a96\" data-element_type=\"widget\" data-widget_type=\"icon-list.default\">\n\t\t\t\t<div class=\"elementor-widget-container\">\n\t\t\t\t\t\t\t<ul class=\"elementor-icon-list-items elementor-inline-items\">\n\t\t\t\t\t\t\t<li class=\"elementor-icon-list-item elementor-inline-item\">\n\t\t\t\t\t\t\t\t\t\t\t<a href=\"https:\/\/www.instagram.com\/macaronheaven_bp\/\">\n\n\t\t\t\t\t\t\t\t\t\t\t\t<span class=\"elementor-icon-list-icon\">\n\t\t\t\t\t\t\t<i aria-hidden=\"true\" class=\"fab fa-instagram\"><\/i>\t\t\t\t\t\t<\/span>\n\t\t\t\t\t\t\t\t\t\t<span class=\"elementor-icon-list-text\"><\/span>\n\t\t\t\t\t\t\t\t\t\t\t<\/a>\n\t\t\t\t\t\t\t\t\t<\/li>\n\t\t\t\t\t\t\t\t<li class=\"elementor-icon-list-item elementor-inline-item\">\n\t\t\t\t\t\t\t\t\t\t\t<a href=\"https:\/\/www.facebook.com\/macaronheavenbp\/\">\n\n\t\t\t\t\t\t\t\t\t\t\t\t<span class=\"elementor-icon-list-icon\">\n\t\t\t\t\t\t\t<i aria-hidden=\"true\" class=\"fab fa-facebook-square\"><\/i>\t\t\t\t\t\t<\/span>\n\t\t\t\t\t\t\t\t\t\t<span class=\"elementor-icon-list-text\"><\/span>\n\t\t\t\t\t\t\t\t\t\t\t<\/a>\n\t\t\t\t\t\t\t\t\t<\/li>\n\t\t\t\t\t\t<\/ul>\n\t\t\t\t\t\t<\/div>\n\t\t\t\t<\/div>\n\t\t\t\t\t<\/div>\n\t\t<\/div>\n\t\t\t\t\t<\/div>\n\t\t<\/section>\n\t\t\t\t<section class=\"elementor-section elementor-top-section elementor-element elementor-element-b766652 home-section home-section--about-us elementor-section-boxed elementor-section-height-default elementor-section-height-default\" data-id=\"b766652\" data-element_type=\"section\" id=\"rolunk\">\n\t\t\t\t\t\t<div class=\"elementor-container elementor-column-gap-default\">\n\t\t\t\t\t<div class=\"elementor-column elementor-col-50 elementor-top-column elementor-element elementor-element-9e490e4\" data-id=\"9e490e4\" data-element_type=\"column\">\n\t\t\t<div class=\"elementor-widget-wrap elementor-element-populated\">\n\t\t\t\t\t\t<div class=\"elementor-element elementor-element-63947c3 elementor-widget elementor-widget-heading\" data-id=\"63947c3\" data-element_type=\"widget\" data-widget_type=\"heading.default\">\n\t\t\t\t<div class=\"elementor-widget-container\">\n\t\t\t\t\t<h2 class=\"elementor-heading-title elementor-size-default\">About us<\/h2>\t\t\t\t<\/div>\n\t\t\t\t<\/div>\n\t\t\t\t<div class=\"elementor-element elementor-element-b17033e elementor-hidden-desktop elementor-hidden-tablet elementor-widget elementor-widget-image\" data-id=\"b17033e\" data-element_type=\"widget\" data-widget_type=\"image.default\">\n\t\t\t\t<div class=\"elementor-widget-container\">\n\t\t\t\t\t\t\t\t\t\t\t\t\t\t\t<img fetchpriority=\"high\" decoding=\"async\" width=\"656\" height=\"555\" src=\"https:\/\/macaronheaven.hu\/wp-content\/uploads\/2022\/09\/about-us.png\" class=\"attachment-large size-large wp-image-172\" alt=\"\" srcset=\"https:\/\/macaronheaven.hu\/wp-content\/uploads\/2022\/09\/about-us.png 656w, https:\/\/macaronheaven.hu\/wp-content\/uploads\/2022\/09\/about-us-600x508.png 600w, https:\/\/macaronheaven.hu\/wp-content\/uploads\/2022\/09\/about-us-300x254.png 300w, https:\/\/macaronheaven.hu\/wp-content\/uploads\/2022\/09\/about-us-150x127.png 150w\" sizes=\"(max-width: 656px) 100vw, 656px\" \/>\t\t\t\t\t\t\t\t\t\t\t\t\t\t\t<\/div>\n\t\t\t\t<\/div>\n\t\t\t\t<div class=\"elementor-element elementor-element-2da9588 elementor-widget elementor-widget-text-editor\" data-id=\"2da9588\" data-element_type=\"widget\" data-widget_type=\"text-editor.default\">\n\t\t\t\t<div class=\"elementor-widget-container\">\n\t\t\t\t\t\t\t\t\t<p>A Macaron Heaven manufakt\u00fara egy sz\u00edvb\u0151l, l\u00e9lekb\u0151l \u00e9s k\u00e9t legjobb bar\u00e1t t\u00e1rsul\u00e1s\u00e1b\u00f3l l\u00e9trej\u00f6tt cukr\u00e1szda, mely m\u00e1ra m\u00e1r t\u00f6bb mint 4 \u00e9ve szolg\u00e1lja ki a budai \u00e9s 2022-t\u0151l m\u00e1r a pesti oldal francia desszertre v\u00e1gyakoz\u00f3 k\u00f6z\u00f6ns\u00e9g\u00e9t is.<\/p><p>Mindennapi k\u00edn\u00e1latunkat k\u00f6zel 30 f\u00e9le \u00edz, \u00e9s 20-25 f\u00e9le egyedi figura macaron \u00e9s megannyi egy\u00e9b desszert alkotja.<\/p>\t\t\t\t\t\t\t\t<\/div>\n\t\t\t\t<\/div>\n\t\t\t\t<div class=\"elementor-element elementor-element-b47ff35 elementor-mobile-align-center elementor-widget elementor-widget-button\" data-id=\"b47ff35\" data-element_type=\"widget\" data-widget_type=\"button.default\">\n\t\t\t\t<div class=\"elementor-widget-container\">\n\t\t\t\t\t\t\t\t\t<div class=\"elementor-button-wrapper\">\n\t\t\t\t\t<a class=\"elementor-button elementor-button-link elementor-size-sm\" href=\"\/about-us\/\">\n\t\t\t\t\t\t<span class=\"elementor-button-content-wrapper\">\n\t\t\t\t\t\t\t\t\t<span class=\"elementor-button-text\">More<\/span>\n\t\t\t\t\t<\/span>\n\t\t\t\t\t<\/a>\n\t\t\t\t<\/div>\n\t\t\t\t\t\t\t\t<\/div>\n\t\t\t\t<\/div>\n\t\t\t\t\t<\/div>\n\t\t<\/div>\n\t\t\t\t<div class=\"elementor-column elementor-col-50 elementor-top-column elementor-element elementor-element-13b1bc1\" data-id=\"13b1bc1\" data-element_type=\"column\">\n\t\t\t<div class=\"elementor-widget-wrap elementor-element-populated\">\n\t\t\t\t\t\t<div class=\"elementor-element elementor-element-f19bf19 elementor-hidden-mobile elementor-widget elementor-widget-image\" data-id=\"f19bf19\" data-element_type=\"widget\" data-widget_type=\"image.default\">\n\t\t\t\t<div class=\"elementor-widget-container\">\n\t\t\t\t\t\t\t\t\t\t\t\t\t\t\t<img fetchpriority=\"high\" decoding=\"async\" width=\"656\" height=\"555\" src=\"https:\/\/macaronheaven.hu\/wp-content\/uploads\/2022\/09\/about-us.png\" class=\"attachment-large size-large wp-image-172\" alt=\"\" srcset=\"https:\/\/macaronheaven.hu\/wp-content\/uploads\/2022\/09\/about-us.png 656w, https:\/\/macaronheaven.hu\/wp-content\/uploads\/2022\/09\/about-us-600x508.png 600w, https:\/\/macaronheaven.hu\/wp-content\/uploads\/2022\/09\/about-us-300x254.png 300w, https:\/\/macaronheaven.hu\/wp-content\/uploads\/2022\/09\/about-us-150x127.png 150w\" sizes=\"(max-width: 656px) 100vw, 656px\" \/>\t\t\t\t\t\t\t\t\t\t\t\t\t\t\t<\/div>\n\t\t\t\t<\/div>\n\t\t\t\t\t<\/div>\n\t\t<\/div>\n\t\t\t\t\t<\/div>\n\t\t<\/section>\n\t\t\t\t<section class=\"elementor-section elementor-top-section elementor-element elementor-element-0e44187 home-section home-section--products elementor-section-boxed elementor-section-height-default elementor-section-height-default\" data-id=\"0e44187\" data-element_type=\"section\" id=\"termekek\">\n\t\t\t\t\t\t<div class=\"elementor-container elementor-column-gap-default\">\n\t\t\t\t\t<div class=\"elementor-column elementor-col-100 elementor-top-column elementor-element elementor-element-bb50448\" data-id=\"bb50448\" data-element_type=\"column\">\n\t\t\t<div class=\"elementor-widget-wrap elementor-element-populated\">\n\t\t\t\t\t\t<div class=\"elementor-element elementor-element-3f68b45 elementor-widget elementor-widget-heading\" data-id=\"3f68b45\" data-element_type=\"widget\" data-widget_type=\"heading.default\">\n\t\t\t\t<div class=\"elementor-widget-container\">\n\t\t\t\t\t<h2 class=\"elementor-heading-title elementor-size-default\">Our products<\/h2>\t\t\t\t<\/div>\n\t\t\t\t<\/div>\n\t\t\t\t<div class=\"elementor-element elementor-element-9f561d8 elementor-widget elementor-widget-shortcode\" data-id=\"9f561d8\" data-element_type=\"widget\" data-widget_type=\"shortcode.default\">\n\t\t\t\t<div class=\"elementor-widget-container\">\n\t\t\t\t\t\t\t<div class=\"elementor-shortcode\"><ul class=\"row macaron_category\"><li class=\"col-6 col-md-4 col-lg-2 macaron_category__item\"><a href=\"\/termekek\/#macaron-cheesecake-en\" class=\"macaron_category__link\"><figure class=\"macaron_category__figure\"><img decoding=\"async\" width=\"190\" height=\"190\" src=\"https:\/\/macaronheaven.hu\/wp-content\/uploads\/2022\/09\/cheesecake_final.png\" class=\"macaron_category__image\" alt=\"\" srcset=\"https:\/\/macaronheaven.hu\/wp-content\/uploads\/2022\/09\/cheesecake_final.png 190w, https:\/\/macaronheaven.hu\/wp-content\/uploads\/2022\/09\/cheesecake_final-100x100.png 100w, https:\/\/macaronheaven.hu\/wp-content\/uploads\/2022\/09\/cheesecake_final-150x150.png 150w\" sizes=\"(max-width: 190px) 100vw, 190px\" \/><figcaption class=\"macaron_category__figcaption\">Macaron cheesecake<\/figcaption><\/figure><\/a><\/ll><li class=\"col-6 col-md-4 col-lg-2 macaron_category__item\"><a href=\"\/termekek\/#macarons\" class=\"macaron_category__link\"><figure class=\"macaron_category__figure\"><img decoding=\"async\" width=\"190\" height=\"190\" src=\"https:\/\/macaronheaven.hu\/wp-content\/uploads\/2022\/09\/macaron_final.png\" class=\"macaron_category__image\" alt=\"\" srcset=\"https:\/\/macaronheaven.hu\/wp-content\/uploads\/2022\/09\/macaron_final.png 190w, https:\/\/macaronheaven.hu\/wp-content\/uploads\/2022\/09\/macaron_final-100x100.png 100w, https:\/\/macaronheaven.hu\/wp-content\/uploads\/2022\/09\/macaron_final-150x150.png 150w\" sizes=\"(max-width: 190px) 100vw, 190px\" \/><figcaption class=\"macaron_category__figcaption\">Macarons<\/figcaption><\/figure><\/a><\/ll><\/ul><\/div>\n\t\t\t\t\t\t<\/div>\n\t\t\t\t<\/div>\n\t\t\t\t\t<\/div>\n\t\t<\/div>\n\t\t\t\t\t<\/div>\n\t\t<\/section>\n\t\t\t\t<section class=\"elementor-section elementor-top-section elementor-element elementor-element-e0aa5ac elementor-hidden-desktop elementor-hidden-tablet elementor-section-boxed elementor-section-height-default elementor-section-height-default\" data-id=\"e0aa5ac\" data-element_type=\"section\">\n\t\t\t\t\t\t<div class=\"elementor-container elementor-column-gap-default\">\n\t\t\t\t\t<div class=\"elementor-column elementor-col-100 elementor-top-column elementor-element elementor-element-1eebe9f\" data-id=\"1eebe9f\" data-element_type=\"column\">\n\t\t\t<div class=\"elementor-widget-wrap elementor-element-populated\">\n\t\t\t\t\t\t<div class=\"elementor-element elementor-element-3b59f75 elementor-widget elementor-widget-heading\" data-id=\"3b59f75\" data-element_type=\"widget\" data-widget_type=\"heading.default\">\n\t\t\t\t<div class=\"elementor-widget-container\">\n\t\t\t\t\t<h2 class=\"elementor-heading-title elementor-size-default\">Our shops<\/h2>\t\t\t\t<\/div>\n\t\t\t\t<\/div>\n\t\t\t\t<div class=\"elementor-element elementor-element-21091fe elementor-widget elementor-widget-image\" data-id=\"21091fe\" data-element_type=\"widget\" data-widget_type=\"image.default\">\n\t\t\t\t<div class=\"elementor-widget-container\">\n\t\t\t\t\t\t\t\t\t\t\t\t\t\t\t<img loading=\"lazy\" decoding=\"async\" width=\"674\" height=\"640\" src=\"https:\/\/macaronheaven.hu\/wp-content\/uploads\/2022\/09\/home-terkep.png\" class=\"attachment-large size-large wp-image-801\" alt=\"\" srcset=\"https:\/\/macaronheaven.hu\/wp-content\/uploads\/2022\/09\/home-terkep.png 674w, https:\/\/macaronheaven.hu\/wp-content\/uploads\/2022\/09\/home-terkep-600x570.png 600w, https:\/\/macaronheaven.hu\/wp-content\/uploads\/2022\/09\/home-terkep-300x285.png 300w, https:\/\/macaronheaven.hu\/wp-content\/uploads\/2022\/09\/home-terkep-150x142.png 150w\" sizes=\"(max-width: 674px) 100vw, 674px\" \/>\t\t\t\t\t\t\t\t\t\t\t\t\t\t\t<\/div>\n\t\t\t\t<\/div>\n\t\t\t\t<div class=\"elementor-element elementor-element-652e674 elementor-widget elementor-widget-shortcode\" data-id=\"652e674\" data-element_type=\"widget\" data-widget_type=\"shortcode.default\">\n\t\t\t\t<div class=\"elementor-widget-container\">\n\t\t\t\t\t\t\t<div class=\"elementor-shortcode\"><ul class=\"block block--shop-list\"><li class=\"shop-list__item\"><a href=\"https:\/\/www.google.com\/maps\/dir\/?api=1&destination=1061+Budapest%2C+J%C3%B3kai+t%C3%A9r+4.+fsz&travelmode=driving\" target=\"_blank\" class=\"shop-list__link\">View Pest shop<\/a><\/li><li class=\"shop-list__item\"><a href=\"https:\/\/www.google.com\/maps\/dir\/?api=1&destination=1027+Budapest%2C+Margit+k%C3%B6r%C3%BAt+62.&travelmode=driving\" target=\"_blank\" class=\"shop-list__link\">View Buda shop<\/a><\/li><\/ul><\/div>\n\t\t\t\t\t\t<\/div>\n\t\t\t\t<\/div>\n\t\t\t\t\t<\/div>\n\t\t<\/div>\n\t\t\t\t\t<\/div>\n\t\t<\/section>\n\t\t\t\t<section class=\"elementor-section elementor-top-section elementor-element elementor-element-d1d237e home-section home-section--faq elementor-section-boxed elementor-section-height-default elementor-section-height-default\" data-id=\"d1d237e\" data-element_type=\"section\" id=\"gyik\">\n\t\t\t\t\t\t<div class=\"elementor-container elementor-column-gap-default\">\n\t\t\t\t\t<div class=\"elementor-column elementor-col-50 elementor-top-column elementor-element elementor-element-177d52a\" data-id=\"177d52a\" data-element_type=\"column\">\n\t\t\t<div class=\"elementor-widget-wrap elementor-element-populated\">\n\t\t\t\t\t\t<div class=\"elementor-element elementor-element-565614c elementor-hidden-tablet elementor-hidden-mobile elementor-widget elementor-widget-image\" data-id=\"565614c\" data-element_type=\"widget\" data-widget_type=\"image.default\">\n\t\t\t\t<div class=\"elementor-widget-container\">\n\t\t\t\t\t\t\t\t\t\t\t\t\t\t\t<img loading=\"lazy\" decoding=\"async\" width=\"648\" height=\"554\" src=\"https:\/\/macaronheaven.hu\/wp-content\/uploads\/2022\/09\/gyik.png\" class=\"attachment-large size-large wp-image-653\" alt=\"\" srcset=\"https:\/\/macaronheaven.hu\/wp-content\/uploads\/2022\/09\/gyik.png 648w, https:\/\/macaronheaven.hu\/wp-content\/uploads\/2022\/09\/gyik-600x513.png 600w, https:\/\/macaronheaven.hu\/wp-content\/uploads\/2022\/09\/gyik-300x256.png 300w, https:\/\/macaronheaven.hu\/wp-content\/uploads\/2022\/09\/gyik-150x128.png 150w\" sizes=\"(max-width: 648px) 100vw, 648px\" \/>\t\t\t\t\t\t\t\t\t\t\t\t\t\t\t<\/div>\n\t\t\t\t<\/div>\n\t\t\t\t\t<\/div>\n\t\t<\/div>\n\t\t\t\t<div class=\"elementor-column elementor-col-50 elementor-top-column elementor-element elementor-element-3483ccd\" data-id=\"3483ccd\" data-element_type=\"column\">\n\t\t\t<div class=\"elementor-widget-wrap elementor-element-populated\">\n\t\t\t\t\t\t<div class=\"elementor-element elementor-element-a9ae342 elementor-widget elementor-widget-heading\" data-id=\"a9ae342\" data-element_type=\"widget\" data-widget_type=\"heading.default\">\n\t\t\t\t<div class=\"elementor-widget-container\">\n\t\t\t\t\t<h2 class=\"elementor-heading-title elementor-size-default\">Faq<\/h2>\t\t\t\t<\/div>\n\t\t\t\t<\/div>\n\t\t\t\t<div class=\"elementor-element elementor-element-2ce9f74 elementor-hidden-desktop elementor-widget elementor-widget-image\" data-id=\"2ce9f74\" data-element_type=\"widget\" data-widget_type=\"image.default\">\n\t\t\t\t<div class=\"elementor-widget-container\">\n\t\t\t\t\t\t\t\t\t\t\t\t\t\t\t<img loading=\"lazy\" decoding=\"async\" width=\"648\" height=\"554\" src=\"https:\/\/macaronheaven.hu\/wp-content\/uploads\/2022\/09\/gyik.png\" class=\"attachment-large size-large wp-image-653\" alt=\"\" srcset=\"https:\/\/macaronheaven.hu\/wp-content\/uploads\/2022\/09\/gyik.png 648w, https:\/\/macaronheaven.hu\/wp-content\/uploads\/2022\/09\/gyik-600x513.png 600w, https:\/\/macaronheaven.hu\/wp-content\/uploads\/2022\/09\/gyik-300x256.png 300w, https:\/\/macaronheaven.hu\/wp-content\/uploads\/2022\/09\/gyik-150x128.png 150w\" sizes=\"(max-width: 648px) 100vw, 648px\" \/>\t\t\t\t\t\t\t\t\t\t\t\t\t\t\t<\/div>\n\t\t\t\t<\/div>\n\t\t\t\t<div class=\"elementor-element elementor-element-72e5db6 elementor-widget elementor-widget-shortcode\" data-id=\"72e5db6\" data-element_type=\"widget\" data-widget_type=\"shortcode.default\">\n\t\t\t\t<div class=\"elementor-widget-container\">\n\t\t\t\t\t\r\n        \r\n            \r\n            \r\n            \r\n                            \r\n                \r\n                            \r\n                \r\n                \r\n                \r\n                            \r\n            \r\n            \r\n        \r\n        \t\t<div class=\"elementor-shortcode\"><div class=\"block-accordion accordion\" id=\"gyik\"><div id=\"accordion-1\" class=\"accordion-item\"><h2 class=\"accordion-header\" id=\"heading-lorem-ipsum\">\r\n                    <button class=\"accordion-button\" type=\"button\" data-bs-toggle=\"collapse\" data-bs-target=\"#lorem-ipsum\" aria-expanded=\"false\" aria-controls=\"lorem-ipsum\">\r\n                    <span>Lorem ipsum<\/span><\/button><\/h2><div id=\"lorem-ipsum\" class=\"accordion-collapse collapse\" aria-labelledby=\"heading-lorem-ipsum\"  data-bs-parent=\"#gyik\"><div class=\"accordion-body\">Lorem ipdsum dolor<\/div><\/div><\/div><\/div><\/div>\n\t\t\t\t\t\t<\/div>\n\t\t\t\t<\/div>\n\t\t\t\t\t<\/div>\n\t\t<\/div>\n\t\t\t\t\t<\/div>\n\t\t<\/section>\n\t\t\t\t<section class=\"elementor-section elementor-top-section elementor-element elementor-element-1f3b281 home-section home-section--feed elementor-section-full_width elementor-section-height-default elementor-section-height-default\" data-id=\"1f3b281\" data-element_type=\"section\" id=\"instagram\">\n\t\t\t\t\t\t<div class=\"elementor-container elementor-column-gap-no\">\n\t\t\t\t\t<div class=\"elementor-column elementor-col-100 elementor-top-column elementor-element elementor-element-1f10aa4\" data-id=\"1f10aa4\" data-element_type=\"column\">\n\t\t\t<div class=\"elementor-widget-wrap elementor-element-populated\">\n\t\t\t\t\t\t<div class=\"elementor-element elementor-element-42df97d instagram-title elementor-widget elementor-widget-heading\" data-id=\"42df97d\" data-element_type=\"widget\" data-widget_type=\"heading.default\">\n\t\t\t\t<div class=\"elementor-widget-container\">\n\t\t\t\t\t<h2 class=\"elementor-heading-title elementor-size-default\">Instagram<\/h2>\t\t\t\t<\/div>\n\t\t\t\t<\/div>\n\t\t\t\t<div class=\"elementor-element elementor-element-25e3916 elementor-widget elementor-widget-shortcode\" data-id=\"25e3916\" data-element_type=\"widget\" data-widget_type=\"shortcode.default\">\n\t\t\t\t<div class=\"elementor-widget-container\">\n\t\t\t\t\t\t\t<div class=\"elementor-shortcode\">[instagram-feed feed=1]<\/div>\n\t\t\t\t\t\t<\/div>\n\t\t\t\t<\/div>\n\t\t\t\t\t<\/div>\n\t\t<\/div>\n\t\t\t\t\t<\/div>\n\t\t<\/section>\n\t\t\t\t<\/div>\n\t\t","protected":false},"excerpt":{"rendered":"<p>Sweet journey into the world of macaron desserts K\u00fcldet\u00e9s\u00fcnk a macaron min\u00e9l kreat\u00edvabb \u00e9s sz\u00ednesebb megalkot\u00e1sa! Haz\u00e1nkban egyed\u00fcl\u00e1ll\u00f3 m\u00f3don a Macaron Heaven \u00fczleteiben tal\u00e1lkozhattok forma macaronokkal, macaron alap\u00fa desszertekkel. A macaron egyedi felhaszn\u00e1l\u00e1si m\u00f3dja r\u00e9v\u00e9n t\u00f6reksz\u00fcnk arra, hogy ez a francia desszert kit\u00f6rj\u00f6n a megszokott, m\u00e1s cukr\u00e1szd\u00e1kban megtal\u00e1lhat\u00f3, sablonos form\u00e1b\u00f3l. N\u00e9zz sz\u00e9t oldalunkon \u00e9s l\u00e1togass [&hellip;]<\/p>\n","protected":false},"author":1,"featured_media":0,"parent":0,"menu_order":0,"comment_status":"closed","ping_status":"open","template":"elementor_header_footer","meta":{"_acf_changed":false,"footnotes":""},"class_list":["post-806","page","type-page","status-publish","hentry"],"acf":[],"_links":{"self":[{"href":"https:\/\/macaronheaven.hu\/wp-json\/wp\/v2\/pages\/806","targetHints":{"allow":["GET"]}}],"collection":[{"href":"https:\/\/macaronheaven.hu\/wp-json\/wp\/v2\/pages"}],"about":[{"href":"https:\/\/macaronheaven.hu\/wp-json\/wp\/v2\/types\/page"}],"author":[{"embeddable":true,"href":"https:\/\/macaronheaven.hu\/wp-json\/wp\/v2\/users\/1"}],"replies":[{"embeddable":true,"href":"https:\/\/macaronheaven.hu\/wp-json\/wp\/v2\/comments?post=806"}],"version-history":[{"count":13,"href":"https:\/\/macaronheaven.hu\/wp-json\/wp\/v2\/pages\/806\/revisions"}],"predecessor-version":[{"id":1488,"href":"https:\/\/macaronheaven.hu\/wp-json\/wp\/v2\/pages\/806\/revisions\/1488"}],"wp:attachment":[{"href":"https:\/\/macaronheaven.hu\/wp-json\/wp\/v2\/media?parent=806"}],"curies":[{"name":"wp","href":"https:\/\/api.w.org\/{rel}","templated":true}]}}