{"id":1268,"date":"2022-09-22T17:48:53","date_gmt":"2022-09-22T15:48:53","guid":{"rendered":"https:\/\/macaronheaven.hu\/?page_id=1268"},"modified":"2022-11-08T12:23:40","modified_gmt":"2022-11-08T11:23:40","slug":"products","status":"publish","type":"page","link":"https:\/\/macaronheaven.hu\/en\/products\/","title":{"rendered":"Our products"},"content":{"rendered":"\t\t<div data-elementor-type=\"wp-page\" data-elementor-id=\"1268\" class=\"elementor elementor-1268 elementor-270\" data-elementor-post-type=\"page\">\n\t\t\t\t\t\t<section class=\"elementor-section elementor-top-section elementor-element elementor-element-ecdef4f elementor-section-boxed elementor-section-height-default elementor-section-height-default\" data-id=\"ecdef4f\" data-element_type=\"section\">\n\t\t\t\t\t\t<div class=\"elementor-container elementor-column-gap-default\">\n\t\t\t\t\t<div class=\"elementor-column elementor-col-100 elementor-top-column elementor-element elementor-element-1bfdd29\" data-id=\"1bfdd29\" data-element_type=\"column\">\n\t\t\t<div class=\"elementor-widget-wrap elementor-element-populated\">\n\t\t\t\t\t\t<div class=\"elementor-element elementor-element-c4e3b78 elementor-widget elementor-widget-shortcode\" data-id=\"c4e3b78\" data-element_type=\"widget\" data-widget_type=\"shortcode.default\">\n\t\t\t\t<div class=\"elementor-widget-container\">\n\t\t\t\t\t\t\t<div class=\"elementor-shortcode\"><ul class=\"row macaron_category\"><li class=\"col-6 col-md-4 col-lg-2 macaron_category__item\"><a href=\"\/termekek\/#macaron-cheesecake-en\" class=\"macaron_category__link\"><figure class=\"macaron_category__figure\"><img decoding=\"async\" width=\"190\" height=\"190\" src=\"https:\/\/macaronheaven.hu\/wp-content\/uploads\/2022\/09\/cheesecake_final.png\" class=\"macaron_category__image\" alt=\"\" srcset=\"https:\/\/macaronheaven.hu\/wp-content\/uploads\/2022\/09\/cheesecake_final.png 190w, https:\/\/macaronheaven.hu\/wp-content\/uploads\/2022\/09\/cheesecake_final-100x100.png 100w, https:\/\/macaronheaven.hu\/wp-content\/uploads\/2022\/09\/cheesecake_final-150x150.png 150w\" sizes=\"(max-width: 190px) 100vw, 190px\" \/><figcaption class=\"macaron_category__figcaption\">Macaron cheesecake<\/figcaption><\/figure><\/a><\/ll><li class=\"col-6 col-md-4 col-lg-2 macaron_category__item\"><a href=\"\/termekek\/#macarons\" class=\"macaron_category__link\"><figure class=\"macaron_category__figure\"><img decoding=\"async\" width=\"190\" height=\"190\" src=\"https:\/\/macaronheaven.hu\/wp-content\/uploads\/2022\/09\/macaron_final.png\" class=\"macaron_category__image\" alt=\"\" srcset=\"https:\/\/macaronheaven.hu\/wp-content\/uploads\/2022\/09\/macaron_final.png 190w, https:\/\/macaronheaven.hu\/wp-content\/uploads\/2022\/09\/macaron_final-100x100.png 100w, https:\/\/macaronheaven.hu\/wp-content\/uploads\/2022\/09\/macaron_final-150x150.png 150w\" sizes=\"(max-width: 190px) 100vw, 190px\" \/><figcaption class=\"macaron_category__figcaption\">Macarons<\/figcaption><\/figure><\/a><\/ll><\/ul><\/div>\n\t\t\t\t\t\t<\/div>\n\t\t\t\t<\/div>\n\t\t\t\t<div class=\"elementor-element elementor-element-8575d58 elementor-widget elementor-widget-shortcode\" data-id=\"8575d58\" data-element_type=\"widget\" data-widget_type=\"shortcode.default\">\n\t\t\t\t<div class=\"elementor-widget-container\">\n\t\t\t\t\t\t\t<div class=\"elementor-shortcode\"><section class=\"macaron_category macaron_category--list\"><div id=\"macaron-cheesecake-en\" class=\"row macaron_category--list__item\"><div class=\"col-lg-6 d-flex macaron_category__content-container\"><div class=\"macaron_category__content\"><h2 class=\"macaron_category__title desktop-only\">Macaron cheesecake<\/h2><p>Macaron cheesecake-jeink megegyeznek egy norm\u00e1l sajttort\u00e1val, viszont a csavar benne az, hogy a keksz hely\u00e9re macaron morzs\u00e1t tett\u00fcnk! Macaron Kedvel\u0151knek b\u0171n lenne kihagyni! A morzs\u00e1ra l\u00e1gy tejsz\u00ednes sajtkr\u00e9met helyez\u00fcnk, melyet az adott macaron cheesecake-nek megfelel\u0151 \u00edzzel turb\u00f3zunk fel.<\/p><\/div><\/div><div class=\"col-lg-6 d-flex macaron_category__image-container\"><h2 class=\"macaron_category__title mobile-only\">Macaron cheesecake<\/h2><img fetchpriority=\"high\" decoding=\"async\" width=\"500\" height=\"600\" src=\"https:\/\/macaronheaven.hu\/wp-content\/uploads\/2022\/09\/cheesecake.png\" class=\"macaron_category__image\" alt=\"\" srcset=\"https:\/\/macaronheaven.hu\/wp-content\/uploads\/2022\/09\/cheesecake.png 626w, https:\/\/macaronheaven.hu\/wp-content\/uploads\/2022\/09\/cheesecake-600x720.png 600w, https:\/\/macaronheaven.hu\/wp-content\/uploads\/2022\/09\/cheesecake-250x300.png 250w, https:\/\/macaronheaven.hu\/wp-content\/uploads\/2022\/09\/cheesecake-125x150.png 125w\" sizes=\"(max-width: 500px) 100vw, 500px\" \/><\/div><\/div><div id=\"macarons\" class=\"row macaron_category--list__item\"><div class=\"col-lg-6 d-flex macaron_category__content-container\"><div class=\"macaron_category__content\"><h2 class=\"macaron_category__title has-children desktop-only\">Macarons<\/h2><ul class=\"macaron-nav nav flex-column\" id=\"v-pills-tab\" role=\"tablist\" aria-orientation=\"vertical\"><li><button class=\"nav-link active\" data-bs-toggle=\"pill\" data-bs-target=\"#traditional-macarons\">Traditional macarons<\/button><\/li><\/ul><\/div><\/div><div class=\"col-lg-6 d-flex macaron_category__image-container\"><h2 class=\"macaron_category__title has-children mobile-only\">Macarons<\/h2><div class=\"tab-content\" id=\"v-pills-tabContent\"><div class=\"tab-pane fade show active\" id=\"traditional-macarons\">\r\n                                    <img loading=\"lazy\" decoding=\"async\" width=\"632\" height=\"600\" src=\"https:\/\/macaronheaven.hu\/wp-content\/uploads\/2022\/09\/hagyomanyos-macaronok.png\" class=\"macaron_category__image\" alt=\"\" srcset=\"https:\/\/macaronheaven.hu\/wp-content\/uploads\/2022\/09\/hagyomanyos-macaronok.png 675w, https:\/\/macaronheaven.hu\/wp-content\/uploads\/2022\/09\/hagyomanyos-macaronok-600x570.png 600w, https:\/\/macaronheaven.hu\/wp-content\/uploads\/2022\/09\/hagyomanyos-macaronok-300x285.png 300w, https:\/\/macaronheaven.hu\/wp-content\/uploads\/2022\/09\/hagyomanyos-macaronok-150x142.png 150w\" sizes=\"(max-width: 632px) 100vw, 632px\" \/><\/div><\/div><\/div><\/div><\/section><\/div>\n\t\t\t\t\t\t<\/div>\n\t\t\t\t<\/div>\n\t\t\t\t\t<\/div>\n\t\t<\/div>\n\t\t\t\t\t<\/div>\n\t\t<\/section>\n\t\t\t\t<\/div>\n\t\t","protected":false},"excerpt":{"rendered":"","protected":false},"author":1,"featured_media":0,"parent":0,"menu_order":0,"comment_status":"closed","ping_status":"closed","template":"elementor_header_footer","meta":{"_acf_changed":false,"footnotes":""},"class_list":["post-1268","page","type-page","status-publish","hentry"],"acf":[],"_links":{"self":[{"href":"https:\/\/macaronheaven.hu\/en\/wp-json\/wp\/v2\/pages\/1268","targetHints":{"allow":["GET"]}}],"collection":[{"href":"https:\/\/macaronheaven.hu\/en\/wp-json\/wp\/v2\/pages"}],"about":[{"href":"https:\/\/macaronheaven.hu\/en\/wp-json\/wp\/v2\/types\/page"}],"author":[{"embeddable":true,"href":"https:\/\/macaronheaven.hu\/en\/wp-json\/wp\/v2\/users\/1"}],"replies":[{"embeddable":true,"href":"https:\/\/macaronheaven.hu\/en\/wp-json\/wp\/v2\/comments?post=1268"}],"version-history":[{"count":1,"href":"https:\/\/macaronheaven.hu\/en\/wp-json\/wp\/v2\/pages\/1268\/revisions"}],"predecessor-version":[{"id":1269,"href":"https:\/\/macaronheaven.hu\/en\/wp-json\/wp\/v2\/pages\/1268\/revisions\/1269"}],"wp:attachment":[{"href":"https:\/\/macaronheaven.hu\/en\/wp-json\/wp\/v2\/media?parent=1268"}],"curies":[{"name":"wp","href":"https:\/\/api.w.org\/{rel}","templated":true}]}}