{"id":1265,"date":"2022-09-28T12:48:11","date_gmt":"2022-09-28T10:48:11","guid":{"rendered":"https:\/\/macaronheaven.hu\/?page_id=1265"},"modified":"2022-11-21T09:04:38","modified_gmt":"2022-11-21T08:04:38","slug":"contact","status":"publish","type":"page","link":"https:\/\/macaronheaven.hu\/en\/contact\/","title":{"rendered":"Contact"},"content":{"rendered":"\t\t<div data-elementor-type=\"wp-page\" data-elementor-id=\"1265\" class=\"elementor elementor-1265 elementor-406\" data-elementor-post-type=\"page\">\n\t\t\t\t\t\t<section class=\"elementor-section elementor-top-section elementor-element elementor-element-45ba1b6 elementor-section-boxed elementor-section-height-default elementor-section-height-default\" data-id=\"45ba1b6\" data-element_type=\"section\">\n\t\t\t\t\t\t<div class=\"elementor-container elementor-column-gap-no\">\n\t\t\t\t\t<div class=\"elementor-column elementor-col-50 elementor-top-column elementor-element elementor-element-9459187\" data-id=\"9459187\" data-element_type=\"column\">\n\t\t\t<div class=\"elementor-widget-wrap elementor-element-populated\">\n\t\t\t\t\t\t<div class=\"elementor-element elementor-element-54d1a62 elementor-widget elementor-widget-heading\" data-id=\"54d1a62\" data-element_type=\"widget\" data-widget_type=\"heading.default\">\n\t\t\t\t<div class=\"elementor-widget-container\">\n\t\t\t\t\t<h1 class=\"elementor-heading-title elementor-size-default\">Contact<\/h1>\t\t\t\t<\/div>\n\t\t\t\t<\/div>\n\t\t\t\t<div class=\"elementor-element elementor-element-8ecf77b elementor-widget elementor-widget-text-editor\" data-id=\"8ecf77b\" data-element_type=\"widget\" data-widget_type=\"text-editor.default\">\n\t\t\t\t<div class=\"elementor-widget-container\">\n\t\t\t\t\t\t\t\t\t<span style=\"color: #000000;\"><span style=\"font-size: medium;\">Egyedi megrendel\u00e9ssel kapcsolatos k\u00e9rd\u00e9seidre keress a megadott el\u00e9rhet\u0151s\u00e9gek egyik\u00e9n!<\/span><\/span><br><br>\n\n<strong><span style=\"color: #000000;\"><span style=\"font-size: medium;\">Macaron Heaven manufakt\u00fara<\/span><\/span><\/strong><br>\n\nBuda: 1027 Budapest, Margit k\u00f6r\u00fat 62. \u2013 30\/760 8363 <br>\nPest: 1061 Budapest, J\u00f3kai t\u00e9r 4. \u2013 30\/159 7604\n\n<br><a href=\"mailto:rendeles@macaronheaven.hu\">rendeles@macaronheaven.hu<\/a>\n\n\n<br><br><span style=\"color: #000000;\"><span style=\"font-size: medium;\">Dolgozz vel\u00fcnk!<\/span><\/span>\n<span style=\"color: #000000;\"><span style=\"font-size: medium;\">Meg\u00fcresedett poz\u00edci\u00f3inkr\u00f3l \u00e9rdekl\u0151dj e-mailben!<\/span><\/span>\n<a href=\"mailto:allas@macaronheaven.hu\">allas@macaronheaven.hu<\/a>\t\t\t\t\t\t\t\t<\/div>\n\t\t\t\t<\/div>\n\t\t\t\t\t<\/div>\n\t\t<\/div>\n\t\t\t\t<div class=\"elementor-column elementor-col-50 elementor-top-column elementor-element elementor-element-96394bb\" data-id=\"96394bb\" data-element_type=\"column\">\n\t\t\t<div class=\"elementor-widget-wrap elementor-element-populated\">\n\t\t\t\t\t\t<div class=\"elementor-element elementor-element-2fa5110 elementor-widget elementor-widget-image\" data-id=\"2fa5110\" data-element_type=\"widget\" data-widget_type=\"image.default\">\n\t\t\t\t<div class=\"elementor-widget-container\">\n\t\t\t\t\t\t\t\t\t\t\t\t\t\t\t<img fetchpriority=\"high\" decoding=\"async\" width=\"675\" height=\"641\" src=\"https:\/\/macaronheaven.hu\/wp-content\/uploads\/2022\/09\/hagyomanyos-macaronok.png\" class=\"attachment-large size-large wp-image-293\" alt=\"\" srcset=\"https:\/\/macaronheaven.hu\/wp-content\/uploads\/2022\/09\/hagyomanyos-macaronok.png 675w, https:\/\/macaronheaven.hu\/wp-content\/uploads\/2022\/09\/hagyomanyos-macaronok-600x570.png 600w, https:\/\/macaronheaven.hu\/wp-content\/uploads\/2022\/09\/hagyomanyos-macaronok-300x285.png 300w, https:\/\/macaronheaven.hu\/wp-content\/uploads\/2022\/09\/hagyomanyos-macaronok-150x142.png 150w\" sizes=\"(max-width: 675px) 100vw, 675px\" \/>\t\t\t\t\t\t\t\t\t\t\t\t\t\t\t<\/div>\n\t\t\t\t<\/div>\n\t\t\t\t\t<\/div>\n\t\t<\/div>\n\t\t\t\t\t<\/div>\n\t\t<\/section>\n\t\t\t\t<\/div>\n\t\t","protected":false},"excerpt":{"rendered":"<p>Egyedi megrendel\u00e9ssel kapcsolatos k\u00e9rd\u00e9seidre keress a megadott el\u00e9rhet\u0151s\u00e9gek egyik\u00e9n! Macaron Heaven manufakt\u00fara Buda: 1027 Budapest, Margit k\u00f6r\u00fat 62. \u2013 30\/760 8363 Pest: 1061 Budapest, J\u00f3kai t\u00e9r 4. \u2013 30\/159 7604 rendeles@macaronheaven.hu Dolgozz vel\u00fcnk! Meg\u00fcresedett poz\u00edci\u00f3inkr\u00f3l \u00e9rdekl\u0151dj e-mailben! allas@macaronheaven.hu<\/p>\n","protected":false},"author":1,"featured_media":0,"parent":0,"menu_order":0,"comment_status":"closed","ping_status":"closed","template":"elementor_header_footer","meta":{"_acf_changed":false,"footnotes":""},"class_list":["post-1265","page","type-page","status-publish","hentry"],"acf":[],"_links":{"self":[{"href":"https:\/\/macaronheaven.hu\/en\/wp-json\/wp\/v2\/pages\/1265","targetHints":{"allow":["GET"]}}],"collection":[{"href":"https:\/\/macaronheaven.hu\/en\/wp-json\/wp\/v2\/pages"}],"about":[{"href":"https:\/\/macaronheaven.hu\/en\/wp-json\/wp\/v2\/types\/page"}],"author":[{"embeddable":true,"href":"https:\/\/macaronheaven.hu\/en\/wp-json\/wp\/v2\/users\/1"}],"replies":[{"embeddable":true,"href":"https:\/\/macaronheaven.hu\/en\/wp-json\/wp\/v2\/comments?post=1265"}],"version-history":[{"count":10,"href":"https:\/\/macaronheaven.hu\/en\/wp-json\/wp\/v2\/pages\/1265\/revisions"}],"predecessor-version":[{"id":1463,"href":"https:\/\/macaronheaven.hu\/en\/wp-json\/wp\/v2\/pages\/1265\/revisions\/1463"}],"wp:attachment":[{"href":"https:\/\/macaronheaven.hu\/en\/wp-json\/wp\/v2\/media?parent=1265"}],"curies":[{"name":"wp","href":"https:\/\/api.w.org\/{rel}","templated":true}]}}