{"id":1258,"date":"2022-09-05T15:43:23","date_gmt":"2022-09-05T13:43:23","guid":{"rendered":"https:\/\/macaronheaven.hu\/?page_id=1258"},"modified":"2022-11-08T12:04:57","modified_gmt":"2022-11-08T11:04:57","slug":"about-us","status":"publish","type":"page","link":"https:\/\/macaronheaven.hu\/en\/about-us\/","title":{"rendered":"About us"},"content":{"rendered":"\t\t<div data-elementor-type=\"wp-page\" data-elementor-id=\"1258\" class=\"elementor elementor-1258 elementor-46\" data-elementor-post-type=\"page\">\n\t\t\t\t\t\t<section class=\"elementor-section elementor-top-section elementor-element elementor-element-df6516e elementor-hidden-tablet elementor-hidden-mobile elementor-section-boxed elementor-section-height-default elementor-section-height-default\" data-id=\"df6516e\" data-element_type=\"section\" data-settings=\"{&quot;background_background&quot;:&quot;classic&quot;}\">\n\t\t\t\t\t\t<div class=\"elementor-container elementor-column-gap-default\">\n\t\t\t\t\t<div class=\"elementor-column elementor-col-50 elementor-top-column elementor-element elementor-element-40f6317\" data-id=\"40f6317\" data-element_type=\"column\">\n\t\t\t<div class=\"elementor-widget-wrap elementor-element-populated\">\n\t\t\t\t\t\t<div class=\"elementor-element elementor-element-472e453 elementor-widget elementor-widget-text-editor\" data-id=\"472e453\" data-element_type=\"widget\" data-widget_type=\"text-editor.default\">\n\t\t\t\t<div class=\"elementor-widget-container\">\n\t\t\t\t\t\t\t\t\t<p>A Macaron Heaven manufakt\u00fara egy sz\u00edvb\u0151l, l\u00e9lekb\u0151l \u00e9s k\u00e9t legjobb bar\u00e1t t\u00e1rsul\u00e1s\u00e1b\u00f3l l\u00e9trej\u00f6tt cukr\u00e1szda, mely m\u00e1ra m\u00e1r t\u00f6bb mint 4 \u00e9ve szolg\u00e1lja ki a budai \u00e9s 2022-t\u0151l m\u00e1r a pesti oldal francia desszertre v\u00e1gyakoz\u00f3 k\u00f6z\u00f6ns\u00e9g\u00e9t is.<\/p>\n<p>Mindennapi k\u00edn\u00e1latunkat k\u00f6zel 30 f\u00e9le \u00edz, \u00e9s 20-25 f\u00e9le egyedi figura macaron \u00e9s megannyi egy\u00e9b desszert alkotja.<br \/>F\u0151 motiv\u00e1ci\u00f3nk, hogy a m\u00e1ra m\u00e1r szinte minden cukr\u00e1szd\u00e1ban \u00e9s k\u00e1v\u00e9z\u00f3ban kaphat\u00f3 macaronokat egyediv\u00e9 tegy\u00fck, szem\u00e9lyre szabjuk. Legyen Kar\u00e1csony, H\u00fasv\u00e9t, Halloween vagy Valentin nap, n\u00e1lunk minden alkalomra megtal\u00e1lj\u00e1k az ig\u00e9nyeknek megfelel\u0151 macaronokat!<\/p>\n<p>Egyedi macaronjaink mellett id\u0151vel megsz\u00fcletett a macaron torta, s annak egyszem\u00e9lyes, \u00fcveges v\u00e1ltozata is, mely m\u00e1ra m\u00e1r sok sz\u00e1z ember sz\u00fclinapj\u00e1t, n\u00e9vnapj\u00e1t vagy egy\u00e9b \u00fcnnep\u00e9t aranyozta be.<\/p>\n<p>2022-t\u0151l k\u00edn\u00e1latunk kib\u0151v\u00fclt norm\u00e1l \u00e9s formatort\u00e1kkal is. Cukr\u00e1szaink b\u00e1rmilyen elk\u00e9pzel\u00e9st megval\u00f3s\u00edtanak, legyen az t\u00f6bb emeletes torta vagy b\u00e1rmif\u00e9le figuraforma. A tort\u00e1k k\u00fcllem\u00e9nek csak a rendel\u0151 k\u00e9pzelete szabhat hat\u00e1rt.<\/p>\t\t\t\t\t\t\t\t<\/div>\n\t\t\t\t<\/div>\n\t\t\t\t\t<\/div>\n\t\t<\/div>\n\t\t\t\t<div class=\"elementor-column elementor-col-50 elementor-top-column elementor-element elementor-element-c566910\" data-id=\"c566910\" data-element_type=\"column\">\n\t\t\t<div class=\"elementor-widget-wrap\">\n\t\t\t\t\t\t\t<\/div>\n\t\t<\/div>\n\t\t\t\t\t<\/div>\n\t\t<\/section>\n\t\t\t\t<section class=\"elementor-section elementor-top-section elementor-element elementor-element-1db5bf2 elementor-hidden-desktop elementor-section-boxed elementor-section-height-default elementor-section-height-default\" data-id=\"1db5bf2\" data-element_type=\"section\" data-settings=\"{&quot;background_background&quot;:&quot;classic&quot;}\">\n\t\t\t\t\t\t\t<div class=\"elementor-background-overlay\"><\/div>\n\t\t\t\t\t\t\t<div class=\"elementor-container elementor-column-gap-default\">\n\t\t\t\t\t<div class=\"elementor-column elementor-col-50 elementor-top-column elementor-element elementor-element-8908fff\" data-id=\"8908fff\" data-element_type=\"column\">\n\t\t\t<div class=\"elementor-widget-wrap elementor-element-populated\">\n\t\t\t\t\t\t<div class=\"elementor-element elementor-element-495bf4a elementor-widget elementor-widget-text-editor\" data-id=\"495bf4a\" data-element_type=\"widget\" data-widget_type=\"text-editor.default\">\n\t\t\t\t<div class=\"elementor-widget-container\">\n\t\t\t\t\t\t\t\t\t<p>A Macaron Heaven manufakt\u00fara egy sz\u00edvb\u0151l, l\u00e9lekb\u0151l \u00e9s k\u00e9t legjobb bar\u00e1t t\u00e1rsul\u00e1s\u00e1b\u00f3l l\u00e9trej\u00f6tt cukr\u00e1szda, mely m\u00e1ra m\u00e1r t\u00f6bb mint 4 \u00e9ve szolg\u00e1lja ki a budai \u00e9s 2022-t\u0151l m\u00e1r a pesti oldal francia desszertre v\u00e1gyakoz\u00f3 k\u00f6z\u00f6ns\u00e9g\u00e9t is.<\/p>\n<p>Mindennapi k\u00edn\u00e1latunkat k\u00f6zel 30 f\u00e9le \u00edz, \u00e9s 20-25 f\u00e9le egyedi figura macaron \u00e9s megannyi egy\u00e9b desszert alkotja.<br \/>F\u0151 motiv\u00e1ci\u00f3nk, hogy a m\u00e1ra m\u00e1r szinte minden cukr\u00e1szd\u00e1ban \u00e9s k\u00e1v\u00e9z\u00f3ban kaphat\u00f3 macaronokat egyediv\u00e9 tegy\u00fck, szem\u00e9lyre szabjuk. Legyen Kar\u00e1csony, H\u00fasv\u00e9t, Halloween vagy Valentin nap, n\u00e1lunk minden alkalomra megtal\u00e1lj\u00e1k az ig\u00e9nyeknek megfelel\u0151 macaronokat!<\/p>\n<p>Egyedi macaronjaink mellett id\u0151vel megsz\u00fcletett a macaron torta, s annak egyszem\u00e9lyes, \u00fcveges v\u00e1ltozata is, mely m\u00e1ra m\u00e1r sok sz\u00e1z ember sz\u00fclinapj\u00e1t, n\u00e9vnapj\u00e1t vagy egy\u00e9b \u00fcnnep\u00e9t aranyozta be.<\/p>\n<p>2022-t\u0151l k\u00edn\u00e1latunk kib\u0151v\u00fclt norm\u00e1l \u00e9s formatort\u00e1kkal is. Cukr\u00e1szaink b\u00e1rmilyen elk\u00e9pzel\u00e9st megval\u00f3s\u00edtanak, legyen az t\u00f6bb emeletes torta vagy b\u00e1rmif\u00e9le figuraforma. A tort\u00e1k k\u00fcllem\u00e9nek csak a rendel\u0151 k\u00e9pzelete szabhat hat\u00e1rt.<\/p>\t\t\t\t\t\t\t\t<\/div>\n\t\t\t\t<\/div>\n\t\t\t\t\t<\/div>\n\t\t<\/div>\n\t\t\t\t<div class=\"elementor-column elementor-col-50 elementor-top-column elementor-element elementor-element-372959d\" data-id=\"372959d\" data-element_type=\"column\">\n\t\t\t<div class=\"elementor-widget-wrap\">\n\t\t\t\t\t\t\t<\/div>\n\t\t<\/div>\n\t\t\t\t\t<\/div>\n\t\t<\/section>\n\t\t\t\t<section class=\"elementor-section elementor-top-section elementor-element elementor-element-18111d5 elementor-section-boxed elementor-section-height-default elementor-section-height-default\" data-id=\"18111d5\" data-element_type=\"section\">\n\t\t\t\t\t\t<div class=\"elementor-container elementor-column-gap-no\">\n\t\t\t\t\t<div class=\"elementor-column elementor-col-100 elementor-top-column elementor-element elementor-element-9c1ffcc\" data-id=\"9c1ffcc\" data-element_type=\"column\">\n\t\t\t<div class=\"elementor-widget-wrap elementor-element-populated\">\n\t\t\t\t\t\t<div class=\"elementor-element elementor-element-660ed92 elementor-widget elementor-widget-shortcode\" data-id=\"660ed92\" data-element_type=\"widget\" data-widget_type=\"shortcode.default\">\n\t\t\t\t<div class=\"elementor-widget-container\">\n\t\t\t\t\t\r\n                    \r\n        \r\n                    \r\n            <!-- Slider Items -->\r\n            \r\n                                    \r\n                                \r\n                            \r\n                \r\n                \r\n                \r\n                                                \r\n                \r\n                     \r\n                \r\n                            \r\n                        <!-- Slider Items END -->\r\n\r\n        \r\n                                        \r\n        <!-- Slider Items -->\r\n                                                                                    <!-- Slider Items END -->\r\n\r\n                        \r\n                            \r\n                \r\n        \r\n        \r\n        \t\t<div class=\"elementor-shortcode\"><section class=\"macarons\"><div class=\"block block--slider swiper sliderMacaron\">\r\n            <div class=\"swiper-wrapper\"><div class=\"swiper-slide macarons__item\"><div class=\"row\"><div class=\"col-lg-5\"><img fetchpriority=\"high\" decoding=\"async\" width=\"600\" height=\"600\" src=\"https:\/\/macaronheaven.hu\/wp-content\/uploads\/2022\/10\/baileys.png\" class=\"attachment-full size-full wp-post-image\" alt=\"\" srcset=\"https:\/\/macaronheaven.hu\/wp-content\/uploads\/2022\/10\/baileys.png 600w, https:\/\/macaronheaven.hu\/wp-content\/uploads\/2022\/10\/baileys-300x300.png 300w, https:\/\/macaronheaven.hu\/wp-content\/uploads\/2022\/10\/baileys-100x100.png 100w, https:\/\/macaronheaven.hu\/wp-content\/uploads\/2022\/10\/baileys-150x150.png 150w, https:\/\/macaronheaven.hu\/wp-content\/uploads\/2022\/10\/baileys-500x500.png 500w\" sizes=\"(max-width: 600px) 100vw, 600px\" \/><\/div><div class=\"col-lg-7 d-flex align-items-center\"><div class=\"macarons__content\"><h2 class=\"macarons__slide-title\">Our traditional macarons<\/h2><h3 class=\"macarons__title\">Bailey\u2019s<\/h3><div class=\"macarons__lead\"><\/div><a href=\"\/en\/place-an-order\/\" class=\"macarons__link\">Place an order<\/a><\/div><\/div><\/div><\/div><\/div>\r\n            <\/div><div class=\"row\"><div class=\"col-lg-7 offset-lg-5\"><div class=\"sliderNav__container\"><div class=\"circle\"><\/div><div class=\"block block--slider swiper sliderNav\">\r\n            <div class=\"swiper-wrapper\"><div class=\"swiper-slide\"><img decoding=\"async\" width=\"100\" height=\"75\" src=\"https:\/\/macaronheaven.hu\/wp-content\/uploads\/2022\/10\/baileys-1.png\" class=\"attachment-full size-full\" alt=\"\" \/><\/div><\/div>\r\n            <\/div><\/div><\/div><\/div><\/section><\/div>\n\t\t\t\t\t\t<\/div>\n\t\t\t\t<\/div>\n\t\t\t\t\t<\/div>\n\t\t<\/div>\n\t\t\t\t\t<\/div>\n\t\t<\/section>\n\t\t\t\t<\/div>\n\t\t","protected":false},"excerpt":{"rendered":"","protected":false},"author":1,"featured_media":0,"parent":0,"menu_order":0,"comment_status":"closed","ping_status":"closed","template":"elementor_header_footer","meta":{"_acf_changed":false,"footnotes":""},"class_list":["post-1258","page","type-page","status-publish","hentry"],"acf":[],"_links":{"self":[{"href":"https:\/\/macaronheaven.hu\/en\/wp-json\/wp\/v2\/pages\/1258","targetHints":{"allow":["GET"]}}],"collection":[{"href":"https:\/\/macaronheaven.hu\/en\/wp-json\/wp\/v2\/pages"}],"about":[{"href":"https:\/\/macaronheaven.hu\/en\/wp-json\/wp\/v2\/types\/page"}],"author":[{"embeddable":true,"href":"https:\/\/macaronheaven.hu\/en\/wp-json\/wp\/v2\/users\/1"}],"replies":[{"embeddable":true,"href":"https:\/\/macaronheaven.hu\/en\/wp-json\/wp\/v2\/comments?post=1258"}],"version-history":[{"count":1,"href":"https:\/\/macaronheaven.hu\/en\/wp-json\/wp\/v2\/pages\/1258\/revisions"}],"predecessor-version":[{"id":1259,"href":"https:\/\/macaronheaven.hu\/en\/wp-json\/wp\/v2\/pages\/1258\/revisions\/1259"}],"wp:attachment":[{"href":"https:\/\/macaronheaven.hu\/en\/wp-json\/wp\/v2\/media?parent=1258"}],"curies":[{"name":"wp","href":"https:\/\/api.w.org\/{rel}","templated":true}]}}